{"id":687,"date":"2014-08-21T14:21:37","date_gmt":"2014-08-21T14:21:37","guid":{"rendered":"http:\/\/iwmndev.com\/roloplast\/?page_id=687"},"modified":"2016-04-25T09:41:21","modified_gmt":"2016-04-25T09:41:21","slug":"kontakt","status":"publish","type":"page","link":"https:\/\/roloplast.mk\/sq\/kontakt\/","title":{"rendered":"\u041a\u043e\u043d\u0442\u0430\u043a\u0442"},"content":{"rendered":"<p><\/p>\n<div class=\"row\">\n<div class=\"large-4 medium-4 small-12 columns\">\n<h4>D\u00ebrgoni mesazh <\/h4>\n\n<div class=\"wpcf7 no-js\" id=\"wpcf7-f2413-o3\" lang=\"mk-MK\" dir=\"ltr\">\n<div class=\"screen-reader-response\"><p role=\"status\" aria-live=\"polite\" aria-atomic=\"true\"><\/p> <ul><\/ul><\/div>\n<form action=\"\/sq\/wp-json\/wp\/v2\/pages\/687#wpcf7-f2413-o3\" method=\"post\" class=\"wpcf7-form init\" aria-label=\"Contact form\" novalidate=\"novalidate\" data-status=\"init\">\n<div style=\"display: none;\">\n<input type=\"hidden\" name=\"_wpcf7\" value=\"2413\" \/>\n<input type=\"hidden\" name=\"_wpcf7_version\" value=\"5.9.8\" \/>\n<input type=\"hidden\" name=\"_wpcf7_locale\" value=\"mk_MK\" \/>\n<input type=\"hidden\" name=\"_wpcf7_unit_tag\" value=\"wpcf7-f2413-o3\" \/>\n<input type=\"hidden\" name=\"_wpcf7_container_post\" value=\"0\" \/>\n<input type=\"hidden\" name=\"_wpcf7_posted_data_hash\" value=\"\" \/>\n<\/div>\n<p>Emri juaj (required)\n<\/p>\n<p><span class=\"wpcf7-form-control-wrap\" data-name=\"your-name\"><input size=\"40\" maxlength=\"400\" class=\"wpcf7-form-control wpcf7-text wpcf7-validates-as-required\" aria-required=\"true\" aria-invalid=\"false\" value=\"\" type=\"text\" name=\"your-name\" \/><\/span>\n<\/p>\n<p>E-mail-i juaj (required)\n<\/p>\n<p><span class=\"wpcf7-form-control-wrap\" data-name=\"your-email\"><input size=\"40\" maxlength=\"400\" class=\"wpcf7-form-control wpcf7-email wpcf7-validates-as-required wpcf7-text wpcf7-validates-as-email\" aria-required=\"true\" aria-invalid=\"false\" value=\"\" type=\"email\" name=\"your-email\" \/><\/span>\n<\/p>\n<p>L\u00ebnda\n<\/p>\n<p><span class=\"wpcf7-form-control-wrap\" data-name=\"your-subject\"><input size=\"40\" maxlength=\"400\" class=\"wpcf7-form-control wpcf7-text\" aria-invalid=\"false\" value=\"\" type=\"text\" name=\"your-subject\" \/><\/span>\n<\/p>\n<p>Mesazhi juaj\n<\/p>\n<p><span class=\"wpcf7-form-control-wrap\" data-name=\"your-message\"><textarea cols=\"40\" rows=\"5\" maxlength=\"2000\" class=\"wpcf7-form-control wpcf7-textarea\" aria-invalid=\"false\" name=\"your-message\"><\/textarea><\/span>\n<\/p>\n<p><input class=\"wpcf7-form-control wpcf7-submit has-spinner button\" type=\"submit\" value=\"Send\" \/>\n<\/p><div class=\"wpcf7-response-output\" aria-hidden=\"true\"><\/div>\n<\/form>\n<\/div>\n<\/div>\n<div class=\"large-4 medium-4 small-12 columns\">\n<h4>Fabrika n\u00eb Shkup<\/h4>\n<div class=\"flex-video\">\n\t\t\t<iframe loading=\"lazy\" src=\"https:\/\/www.google.com\/maps\/embed?pb=!1m22!1m12!1m3!1d2965.1093877008657!2d21.555418720804614!3d41.99792789306878!2m3!1f0!2f0!3f0!3m2!1i1024!2i768!4f13.1!4m7!1i0!3e6!4m0!4m3!3m2!1d41.9981285!2d21.5560391!5e0!3m2!1sen!2smk!4v1417515345827\" width=\"600\" height=\"450\" frameborder=\"0\" style=\"border:0\"><\/iframe>\n\t\t<\/div>\n<h5>Headquarters:<br \/>\n        <strong>Blagoja Stefkovski 58, Madzhari<\/strong><br \/>\n        1000 Shkup, Maqedonia<\/h5>\n<h5>Fabrika:<br \/>\n        <strong>st. 32 no. 11, Ilinden<\/strong><br \/>\n        1000 Shkup, Maqedonia<\/h5>\n<p>        <strong>Telefona:<\/strong><br \/>\n        ++ 389 2 2581-166<br \/>\n        ++ 389 2 2526-064<\/p>\n<p>        <strong>Faks:<\/strong><br \/>\n        ++ 389 2 2522-395\n    <\/div>\n<div class=\"large-4 medium-4 small-12 columns\">\n<h4>Fabrika n\u00eb Negotin\u00eb<\/h4>\n<div class=\"flex-video\">\n        \t<iframe loading=\"lazy\" src=\"https:\/\/www.google.com\/maps\/embed?pb=!1m14!1m8!1m3!1d23921.47409732597!2d22.1506292!3d41.4569187!3m2!1i1024!2i768!4f13.1!3m3!1m2!1s0x1356721c6a545c7d%3A0x113e2ec43e6849b6!2sCable+Factory+FKN+DOOEL+Negotino!5e0!3m2!1sen!2smk!4v1409780455365\" width=\"600\" height=\"450\" frameborder=\"0\" style=\"border:0\"><\/iframe>\n        <\/div>\n<h5><strong>Industriska bb<\/strong><br \/>\n        1440 Negotin\u00eb, Maqedonia<\/h5>\n<\/p><\/div>\n<\/div>\n<p><\/p>","protected":false},"excerpt":{"rendered":"<p>D\u00ebrgoni mesazh Fabrika n\u00eb Shkup Headquarters: Blagoja Stefkovski 58, Madzhari 1000 Shkup, Maqedonia Fabrika: st. 32 no. 11, Ilinden 1000 Shkup, Maqedonia Telefona: ++ 389 2 2581-166 ++ 389 2 2526-064 Faks: ++ 389 2 2522-395 Fabrika n\u00eb Negotin\u00eb Industriska bb 1440 Negotin\u00eb, Maqedonia<\/p>\n","protected":false},"author":1,"featured_media":1463,"parent":0,"menu_order":0,"comment_status":"open","ping_status":"open","template":"page-full.php","meta":{"_acf_changed":false,"ngg_post_thumbnail":0,"footnotes":""},"class_list":["post-687","page","type-page","status-publish","has-post-thumbnail","hentry"],"acf":[],"_links":{"self":[{"href":"https:\/\/roloplast.mk\/sq\/wp-json\/wp\/v2\/pages\/687"}],"collection":[{"href":"https:\/\/roloplast.mk\/sq\/wp-json\/wp\/v2\/pages"}],"about":[{"href":"https:\/\/roloplast.mk\/sq\/wp-json\/wp\/v2\/types\/page"}],"author":[{"embeddable":true,"href":"https:\/\/roloplast.mk\/sq\/wp-json\/wp\/v2\/users\/1"}],"replies":[{"embeddable":true,"href":"https:\/\/roloplast.mk\/sq\/wp-json\/wp\/v2\/comments?post=687"}],"version-history":[{"count":25,"href":"https:\/\/roloplast.mk\/sq\/wp-json\/wp\/v2\/pages\/687\/revisions"}],"predecessor-version":[{"id":2467,"href":"https:\/\/roloplast.mk\/sq\/wp-json\/wp\/v2\/pages\/687\/revisions\/2467"}],"wp:featuredmedia":[{"embeddable":true,"href":"https:\/\/roloplast.mk\/sq\/wp-json\/wp\/v2\/media\/1463"}],"wp:attachment":[{"href":"https:\/\/roloplast.mk\/sq\/wp-json\/wp\/v2\/media?parent=687"}],"curies":[{"name":"wp","href":"https:\/\/api.w.org\/{rel}","templated":true}]}}