{"id":675,"date":"2014-08-21T13:18:27","date_gmt":"2014-08-21T13:18:27","guid":{"rendered":"http:\/\/iwmndev.com\/roloplast\/?page_id=675"},"modified":"2015-09-02T09:52:31","modified_gmt":"2015-09-02T09:52:31","slug":"za-nas","status":"publish","type":"page","link":"https:\/\/roloplast.mk\/sq\/za-nas\/","title":{"rendered":"P\u00ebr ne"},"content":{"rendered":"<p><\/p>\n<div class=\"zanas\">\n<div class=\"row\">\n<div class=\"large-6 medium-6 small-12 columns\">\n<table width=\"100%\" border=\"0\" cellspacing=\"0\" cellpadding=\"0\">\n<tr>\n<td><strong>1971<\/strong><\/td>\n<td>Krijimi i kompanis\u00eb, si pun\u00ebtori artizanale p\u00ebr instalimin e grillave plastike n\u00eb objekte n\u00eb Shkup.<\/td>\n<\/tr>\n<tr>\n<td><strong>1976<\/strong><\/td>\n<td>Fillimi i prodhimit t\u00eb pjes\u00ebve shoq\u00ebruese p\u00ebr grilla dhe montimin e grillave dhe llamperive n\u00eb Shkup dhe Maqedoni.<\/td>\n<\/tr>\n<tr>\n<td><strong>1980<\/strong><\/td>\n<td>Furnizim me linj\u00ebn e par\u00eb p\u00ebr nxjerrje t\u00eb profileve nga PVC-ja.<\/td>\n<\/tr>\n<tr>\n<td><strong>1986<\/strong><\/td>\n<td>Kompania ka edhe tre linja t\u00eb reja p\u00ebr p\u00ebrpunimin e PVC dhe 3 makina p\u00ebr injektim t\u00eb pjes\u00ebve nga termoplastet tjera.<\/td>\n<\/tr>\n<tr>\n<td><strong>1990<\/strong><\/td>\n<td>Kompania u ri-regjistrua si kompani private p\u00ebr prodhimin e PVC profileve.<\/td>\n<\/tr>\n<tr>\n<td><strong>1992<\/strong><\/td>\n<td>Kompania Roloplast zgjerohet duke bler\u00eb fabrik\u00eb n\u00eb Negotin\u00eb (Maqedoni) me nj\u00eb sip\u00ebrfaqe prej 15.000 m2, nga t\u00eb cilat 4000 m2 n\u00eb 4 sallat e prodhimit jan\u00eb me infrastruktur\u00eb t\u00eb plot\u00eb, si stacion i energjis\u00eb, stacion kompresor, parqe dhe rrug\u00eb t\u00eb asfaltuara.<\/td>\n<\/tr>\n<tr>\n<td><strong>1994<\/strong><\/td>\n<td>Kompania plot\u00ebsohet me dy linja t\u00eb reja p\u00ebr nxjerrje t\u00eb profileve.<\/td>\n<\/tr>\n<tr>\n<td><strong>1995<\/strong><\/td>\n<td>Kompania Roloplast investon n\u00eb kompani t\u00eb p\u00ebrziera n\u00eb Ukrain\u00eb, Shqip\u00ebri dhe Bullgari.<\/td>\n<\/tr>\n<tr>\n<td><strong>1996<\/strong><\/td>\n<td>Nisja e prodhimit t\u00eb PVC granulateve me kapacitet prej 200 kg\/or\u00eb.<\/td>\n<\/tr>\n<tr>\n<td><strong>1998<\/strong><\/td>\n<td>Kompania rrit prodhimin e PVC granulateve me linj\u00eb t\u00eb re t\u00eb avancuar prej 500 kg\/or\u00eb.<\/td>\n<\/tr>\n<tr>\n<td><strong>2000<\/strong><\/td>\n<td>Roloplast investojn\u00eb n\u00eb prodhimin e gypave t\u00eb uj\u00ebrave t\u00eb zeza nga \u044450 &#8211; \u0444160, p\u00ebrgatit tre linja t\u00eb reja p\u00ebr nxjerrje t\u00eb profileve p\u00ebr nevojat e veta dhe hap dy sallone p\u00ebr shitje t\u00eb prodhimeve t\u00eb veta. <\/td>\n<\/tr>\n<tr>\n<td><strong>2006<\/strong><\/td>\n<td>\u041aa filluar me prodhimin e PVC profileve p\u00ebr dritare dhe dyer me profile me kat\u00ebr dhoma. <\/td>\n<\/tr>\n<tr>\n<td><strong>2007<\/strong><\/td>\n<td>Prodhimi i profileve me gjasht\u00eb dhoma p\u00ebr dritare dhe dyer.<\/td>\n<\/tr>\n<\/table><\/div>\n<div class=\"large-6 medium-6 small-12 columns hide-for-small\">\n            <img decoding=\"async\" src=\"\/wp-content\/themes\/roloplast\/images\/img_zanas1.jpg\" \/>\n        <\/div>\n<\/p><\/div>\n<div class=\"row\">\n<div class=\"large-6 medium-6 small-12 columns\">\n            <img decoding=\"async\" src=\"\/wp-content\/themes\/roloplast\/images\/img_zanas2.jpg\" \/>\n        <\/div>\n<div class=\"large-6 medium-6 small-12 columns\">\n<h4>Roloplast sot<\/h4>\n<p>Kompania Roloplast sot me dy fabrikat e saja n\u00eb Shkup dhe Negotin\u00eb dhe kompanive t\u00eb p\u00ebrziera n\u00eb Shqip\u00ebri dhe Bullgari, prodhon sasi t\u00eb m\u00ebdha t\u00eb PVC granulati me cil\u00ebsi t\u00eb lart\u00eb p\u00ebr nevojat e  prodhues t\u00eb njohur nga Maqedonia dhe jasht\u00eb vendit.<\/p>\n<p>P\u00ebrpunon t\u00eb gjitha llojet e PVC profileve p\u00ebr grilla, llamperi, korniza n\u00eb modele t\u00eb ndryshme dhe t\u00eb gjitha pjes\u00ebt shoq\u00ebruese p\u00ebr montimin e tyre.<\/p>\n<p>Nis me prodhimin e gypave t\u00eb uj\u00ebrave t\u00eb zeza me teknologjin\u00eb m\u00eb bashk\u00ebkohore dhe gypa nga polipropileni p\u00ebr uj\u00eb me presion t\u00eb lart\u00eb dhe instalim pneumatik.<\/p>\n<p>Roloplast ka dy sallone bashk\u00ebkohore t\u00eb shitjes.<\/p>\n<p>Vendoset p\u00ebr certifikim t\u00eb cil\u00ebsis\u00eb sipas ISO 9001 dhe ISO 14000.<\/p>\n<\/p><\/div>\n<\/p><\/div>\n<div class=\"row\">\n<div class=\"large-6 medium-6 small-12 columns\">\n<h4>Kapacitetet vjetore t\u00eb sotshme:<\/h4>\n<ul>\n<li>p\u00ebrpilim i gjysm\u00eb-fabrikateve dhe PVC granulateve nga 5000 ton\u00eb<\/li>\n<li>p\u00ebrpilim i llamperive prej 648000 m2<\/li>\n<li>p\u00ebrpilim i grillave dhe pajisjeve shoq\u00ebruese prej 144000 m2<\/li>\n<li>p\u00ebrpilim i kornizave prej 864000 m<\/li>\n<li>p\u00ebrpilim i gypave t\u00eb kanalizimit prej 633 t\/vit.<\/li>\n<li>p\u00ebrpilim i gypave t\u00eb polipropilenit prej 500 t\/vit.<\/li>\n<\/ul>\n<p>Me eksport t\u00eb p\u00ebrgjithsh\u00ebm prej 60%.<\/p>\n<\/p><\/div>\n<div class=\"large-6 medium-6 small-12 columns\">\n            <img decoding=\"async\" src=\"\/wp-content\/themes\/roloplast\/images\/img_zanas3.jpg\" \/>\n        <\/div>\n<\/p><\/div>\n<div class=\"row\">\n<div class=\"large-6 medium-6 small-12 columns hide-for-small\">\n            <img decoding=\"async\" src=\"\/wp-content\/themes\/roloplast\/images\/img_zanas4.jpg\" \/>\n        <\/div>\n<div class=\"large-6 medium-6 small-12 columns\">\n<h4>Mund\u00ebsit\u00eb p\u00ebr zhvillim t\u00eb m\u00ebtutjesh\u00ebm <\/h4>\n<p>Kompania Roloplast ka nj\u00eb vizion t\u00eb qart\u00eb p\u00ebr zhvillimin e saj.<\/p>\n<p>Sipas politik\u00ebs s\u00eb kompanis\u00eb doemos duhet vendosur sistemin e cil\u00ebsis\u00eb sipas standardeve ISO dhe modernizimin e kompanis\u00eb q\u00eb t\u00eb shnd\u00ebrrohet n\u00eb nj\u00eb kompani moderne evropiane. Planet e zhvillimit parashikojn\u00eb zhvillimin e prodhimit t\u00eb vet dhe rritje e vazhdueshme e cil\u00ebsis\u00eb dhe sasis\u00eb s\u00eb produkteve t\u00eb tyre. Futje t\u00eb modeleve t\u00eb reja t\u00eb profileve p\u00ebr dritare dhe dyer, dhe m\u00eb shum\u00eb.<\/p>\n<p>N\u00eb plane jan\u00eb parapar\u00eb edhe investime t\u00eb reja dhe produkte t\u00eb tjera t\u00eb ngjashme n\u00eb bashk\u00ebpunim me kompani t\u00eb tjera.<\/p>\n<\/p><\/div>\n<\/p><\/div>\n<div class=\"row\">\n<div class=\"small-12 columns text-center\">\n<h4 style=\"margin-top:30px;\">\u00c7mime dhe certifikata<\/h4>\n<figure><img decoding=\"async\" src=\"\/wp-content\/uploads\/2014\/08\/al_certs.jpg\" \/>\n        <\/div><\/figure><\/div>\n<\/div>\n<p><\/p>","protected":false},"excerpt":{"rendered":"<p>1971 Krijimi i kompanis\u00eb, si pun\u00ebtori artizanale p\u00ebr instalimin e grillave plastike n\u00eb objekte n\u00eb Shkup. 1976 Fillimi i prodhimit t\u00eb pjes\u00ebve shoq\u00ebruese p\u00ebr grilla dhe montimin e grillave dhe llamperive n\u00eb Shkup dhe Maqedoni. 1980 Furnizim me linj\u00ebn e par\u00eb p\u00ebr nxjerrje t\u00eb profileve nga PVC-ja. 1986 Kompania ka edhe tre linja t\u00eb reja [&hellip;]<\/p>\n","protected":false},"author":1,"featured_media":1425,"parent":0,"menu_order":0,"comment_status":"open","ping_status":"open","template":"page-full.php","meta":{"_acf_changed":false,"ngg_post_thumbnail":0,"footnotes":""},"class_list":["post-675","page","type-page","status-publish","has-post-thumbnail","hentry"],"acf":[],"_links":{"self":[{"href":"https:\/\/roloplast.mk\/sq\/wp-json\/wp\/v2\/pages\/675"}],"collection":[{"href":"https:\/\/roloplast.mk\/sq\/wp-json\/wp\/v2\/pages"}],"about":[{"href":"https:\/\/roloplast.mk\/sq\/wp-json\/wp\/v2\/types\/page"}],"author":[{"embeddable":true,"href":"https:\/\/roloplast.mk\/sq\/wp-json\/wp\/v2\/users\/1"}],"replies":[{"embeddable":true,"href":"https:\/\/roloplast.mk\/sq\/wp-json\/wp\/v2\/comments?post=675"}],"version-history":[{"count":26,"href":"https:\/\/roloplast.mk\/sq\/wp-json\/wp\/v2\/pages\/675\/revisions"}],"predecessor-version":[{"id":2463,"href":"https:\/\/roloplast.mk\/sq\/wp-json\/wp\/v2\/pages\/675\/revisions\/2463"}],"wp:featuredmedia":[{"embeddable":true,"href":"https:\/\/roloplast.mk\/sq\/wp-json\/wp\/v2\/media\/1425"}],"wp:attachment":[{"href":"https:\/\/roloplast.mk\/sq\/wp-json\/wp\/v2\/media?parent=675"}],"curies":[{"name":"wp","href":"https:\/\/api.w.org\/{rel}","templated":true}]}}