{"id":1241,"date":"2014-09-09T10:53:32","date_gmt":"2014-09-09T10:53:32","guid":{"rendered":"http:\/\/iwmndev.com\/roloplast\/?page_id=1241"},"modified":"2014-11-26T09:49:27","modified_gmt":"2014-11-26T09:49:27","slug":"galerija","status":"publish","type":"page","link":"https:\/\/roloplast.mk\/sq\/galerija\/","title":{"rendered":"Galeria"},"content":{"rendered":"<p><\/p>\n<div align=\"center\"><strong>Fabrika n\u00eb Shkup<\/strong><\/p>\nngg_shortcode_4_placeholder<\/div>\n<figure><\/figure>\n<p>\n<div align=\"center\">\n<strong>Fabrika n\u00eb Negotin\u00eb<\/strong><br \/>\nngg_shortcode_5_placeholder\n<\/div>\n<p><\/p>","protected":false},"excerpt":{"rendered":"<p>Fabrika n\u00eb Shkup Fabrika n\u00eb Negotin\u00eb<\/p>\n","protected":false},"author":1,"featured_media":1423,"parent":0,"menu_order":0,"comment_status":"open","ping_status":"open","template":"page-full.php","meta":{"_acf_changed":false,"ngg_post_thumbnail":0,"footnotes":""},"class_list":["post-1241","page","type-page","status-publish","has-post-thumbnail","hentry"],"acf":[],"_links":{"self":[{"href":"https:\/\/roloplast.mk\/sq\/wp-json\/wp\/v2\/pages\/1241"}],"collection":[{"href":"https:\/\/roloplast.mk\/sq\/wp-json\/wp\/v2\/pages"}],"about":[{"href":"https:\/\/roloplast.mk\/sq\/wp-json\/wp\/v2\/types\/page"}],"author":[{"embeddable":true,"href":"https:\/\/roloplast.mk\/sq\/wp-json\/wp\/v2\/users\/1"}],"replies":[{"embeddable":true,"href":"https:\/\/roloplast.mk\/sq\/wp-json\/wp\/v2\/comments?post=1241"}],"version-history":[{"count":18,"href":"https:\/\/roloplast.mk\/sq\/wp-json\/wp\/v2\/pages\/1241\/revisions"}],"predecessor-version":[{"id":2371,"href":"https:\/\/roloplast.mk\/sq\/wp-json\/wp\/v2\/pages\/1241\/revisions\/2371"}],"wp:featuredmedia":[{"embeddable":true,"href":"https:\/\/roloplast.mk\/sq\/wp-json\/wp\/v2\/media\/1423"}],"wp:attachment":[{"href":"https:\/\/roloplast.mk\/sq\/wp-json\/wp\/v2\/media?parent=1241"}],"curies":[{"name":"wp","href":"https:\/\/api.w.org\/{rel}","templated":true}]}}